{"id":93,"date":"2022-06-09T14:48:27","date_gmt":"2022-06-09T12:48:27","guid":{"rendered":"https:\/\/danskfagenesdidaktik.dk\/?page_id=93"},"modified":"2022-06-20T17:44:20","modified_gmt":"2022-06-20T15:44:20","slug":"links","status":"publish","type":"page","link":"https:\/\/danskfagenesdidaktik.dk\/?page_id=93","title":{"rendered":"Links"},"content":{"rendered":"\n<p><a href=\"https:\/\/www.arle.be\/\" target=\"_blank\" rel=\"noreferrer noopener\">ARLE &#8211; International Association for Research in L1 Education<\/a><\/p>\n\n\n\n<p>Globalt netv\u00e6rk for L1 Education. ARLE-konferencerne afholdes hvert andet \u00e5r. Her er Special Interest Groups (SIGs), der afholder egne seminarer. Tilknyttet er tidsskriftet L1.<\/p>\n\n\n\n<p><a href=\"https:\/\/nordisknettverkformorsmalsdidaktiskforskning.wordpress.com\/\">NNFF &#8211; Nordisk netv\u00e6rk for forskning i f\u00f8rstesprogsdidaktik<\/a><\/p>\n\n\n\n<p>Nordisk netv\u00e6rk for L1-Education bl.a. med publikation af BFI-registreret tidsskrift i forbindelse med NNMF-konferencerne, der afholdes hvert andet \u00e5r.<\/p>\n","protected":false},"excerpt":{"rendered":"<p>ARLE &#8211; International Association for Research in L1 Education Globalt netv\u00e6rk for L1 Education. ARLE-konferencerne afholdes hvert andet \u00e5r. Her er Special Interest Groups (SIGs), der afholder egne seminarer. Tilknyttet er tidsskriftet L1. NNFF &#8211; Nordisk netv\u00e6rk for forskning i f\u00f8rstesprogsdidaktik Nordisk netv\u00e6rk for L1-Education bl.a. med publikation af BFI-registreret tidsskrift i forbindelse med NNMF-konferencerne, [&hellip;]<\/p>\n","protected":false},"author":2,"featured_media":587,"parent":0,"menu_order":0,"comment_status":"closed","ping_status":"closed","template":"","meta":{"footnotes":""},"class_list":["post-93","page","type-page","status-publish","has-post-thumbnail","hentry"],"_links":{"self":[{"href":"https:\/\/danskfagenesdidaktik.dk\/index.php?rest_route=\/wp\/v2\/pages\/93","targetHints":{"allow":["GET"]}}],"collection":[{"href":"https:\/\/danskfagenesdidaktik.dk\/index.php?rest_route=\/wp\/v2\/pages"}],"about":[{"href":"https:\/\/danskfagenesdidaktik.dk\/index.php?rest_route=\/wp\/v2\/types\/page"}],"author":[{"embeddable":true,"href":"https:\/\/danskfagenesdidaktik.dk\/index.php?rest_route=\/wp\/v2\/users\/2"}],"replies":[{"embeddable":true,"href":"https:\/\/danskfagenesdidaktik.dk\/index.php?rest_route=%2Fwp%2Fv2%2Fcomments&post=93"}],"version-history":[{"count":8,"href":"https:\/\/danskfagenesdidaktik.dk\/index.php?rest_route=\/wp\/v2\/pages\/93\/revisions"}],"predecessor-version":[{"id":601,"href":"https:\/\/danskfagenesdidaktik.dk\/index.php?rest_route=\/wp\/v2\/pages\/93\/revisions\/601"}],"wp:featuredmedia":[{"embeddable":true,"href":"https:\/\/danskfagenesdidaktik.dk\/index.php?rest_route=\/wp\/v2\/media\/587"}],"wp:attachment":[{"href":"https:\/\/danskfagenesdidaktik.dk\/index.php?rest_route=%2Fwp%2Fv2%2Fmedia&parent=93"}],"curies":[{"name":"wp","href":"https:\/\/api.w.org\/{rel}","templated":true}]}}