{"id":693,"date":"2023-02-10T09:50:25","date_gmt":"2023-02-10T08:50:25","guid":{"rendered":"https:\/\/danskfagenesdidaktik.dk\/?page_id=693"},"modified":"2023-02-10T10:19:14","modified_gmt":"2023-02-10T09:19:14","slug":"medlemskab","status":"publish","type":"page","link":"https:\/\/danskfagenesdidaktik.dk\/?page_id=693","title":{"rendered":"Medlemskab"},"content":{"rendered":"\n<p>Netv\u00e6rket&nbsp;er for danskdidaktiske forskere og ph.d.-studerende, typisk ansat p\u00e5 universiteter og professionsh\u00f8jskoler.&nbsp;Eksisterende medlemmer kan foresl\u00e5 nye medlemmer, men man kan ogs\u00e5 selv henvende sig, hvis man er interesseret i at deltage i netv\u00e6rket. Medlemmer optages formelt ved godkendelse af styregruppen, s\u00e5 ret henvendelse til en fra styregruppen, hvis du kender en eller selv er interesseret i at blive medlem.<\/p>\n\n\n\n<p><a href=\"https:\/\/danskfagenesdidaktik.dk\/?page_id=140\" target=\"_blank\" rel=\"noreferrer noopener\">Oversigt over styregruppens medlemmer<\/a><\/p>\n","protected":false},"excerpt":{"rendered":"<p>Netv\u00e6rket&nbsp;er for danskdidaktiske forskere og ph.d.-studerende, typisk ansat p\u00e5 universiteter og professionsh\u00f8jskoler.&nbsp;Eksisterende medlemmer kan foresl\u00e5 nye medlemmer, men man kan ogs\u00e5 selv henvende sig, hvis man er interesseret i at deltage i netv\u00e6rket. Medlemmer optages formelt ved godkendelse af styregruppen, s\u00e5 ret henvendelse til en fra styregruppen, hvis du kender en eller selv er interesseret [&hellip;]<\/p>\n","protected":false},"author":2,"featured_media":587,"parent":0,"menu_order":0,"comment_status":"closed","ping_status":"closed","template":"","meta":{"footnotes":""},"class_list":["post-693","page","type-page","status-publish","has-post-thumbnail","hentry"],"_links":{"self":[{"href":"https:\/\/danskfagenesdidaktik.dk\/index.php?rest_route=\/wp\/v2\/pages\/693","targetHints":{"allow":["GET"]}}],"collection":[{"href":"https:\/\/danskfagenesdidaktik.dk\/index.php?rest_route=\/wp\/v2\/pages"}],"about":[{"href":"https:\/\/danskfagenesdidaktik.dk\/index.php?rest_route=\/wp\/v2\/types\/page"}],"author":[{"embeddable":true,"href":"https:\/\/danskfagenesdidaktik.dk\/index.php?rest_route=\/wp\/v2\/users\/2"}],"replies":[{"embeddable":true,"href":"https:\/\/danskfagenesdidaktik.dk\/index.php?rest_route=%2Fwp%2Fv2%2Fcomments&post=693"}],"version-history":[{"count":3,"href":"https:\/\/danskfagenesdidaktik.dk\/index.php?rest_route=\/wp\/v2\/pages\/693\/revisions"}],"predecessor-version":[{"id":705,"href":"https:\/\/danskfagenesdidaktik.dk\/index.php?rest_route=\/wp\/v2\/pages\/693\/revisions\/705"}],"wp:featuredmedia":[{"embeddable":true,"href":"https:\/\/danskfagenesdidaktik.dk\/index.php?rest_route=\/wp\/v2\/media\/587"}],"wp:attachment":[{"href":"https:\/\/danskfagenesdidaktik.dk\/index.php?rest_route=%2Fwp%2Fv2%2Fmedia&parent=693"}],"curies":[{"name":"wp","href":"https:\/\/api.w.org\/{rel}","templated":true}]}}