{"id":394,"date":"2022-06-16T16:57:20","date_gmt":"2022-06-16T14:57:20","guid":{"rendered":"https:\/\/danskfagenesdidaktik.dk\/?page_id=394"},"modified":"2022-06-16T22:37:23","modified_gmt":"2022-06-16T20:37:23","slug":"14-6-2012-laereruddannelsen-og-forskningen","status":"publish","type":"page","link":"https:\/\/danskfagenesdidaktik.dk\/?page_id=394","title":{"rendered":"14\/6-2012: L\u00e6reruddannelsen og forskningen"},"content":{"rendered":"\n<h2 class=\"wp-block-heading\">L\u00e6reruddannelsen og forskningen: Hvilken viden og hvilken forskning anvendes i danskundervisningen p\u00e5 l\u00e6reruddannelserne &#8211; Hvordan og hvorfor?<\/h2>\n\n\n\n<p><em>Syddansk Universitet<\/em><\/p>\n\n\n\n<p><a href=\"https:\/\/danskfagenesdidaktik.dk\/wp-content\/uploads\/2022\/06\/DaDiProgram2012seminar.pdf\" target=\"_blank\" rel=\"noreferrer noopener\">Program<\/a><\/p>\n\n\n\n<p><a href=\"https:\/\/danskfagenesdidaktik.dk\/wp-content\/uploads\/2022\/06\/Deltageretilseminar2012.pdf\" target=\"_blank\" rel=\"noreferrer noopener\">Deltagerliste<\/a><\/p>\n\n\n\n<h3 class=\"wp-block-heading\">Opl\u00e6g<\/h3>\n\n\n\n<p><a rel=\"noreferrer noopener\" href=\"https:\/\/danskfagenesdidaktik.dk\/wp-content\/uploads\/2022\/06\/JesperBremholm.pdf\" target=\"_blank\">Jesper Bremholm: Dansk i l\u00e6reruddannelsen fra reformen 2007 til i dag<\/a><\/p>\n\n\n\n<p><a href=\"https:\/\/danskfagenesdidaktik.dk\/wp-content\/uploads\/2022\/06\/Oplaeg_JF.pdf\" target=\"_blank\" rel=\"noreferrer noopener\">Johannes Fibiger: Hvilken viden og forskning anvendes i dansk p\u00e5 l\u00e6reruddannelserne &#8211; Hvordan og hvorfor?<\/a><\/p>\n\n\n\n<ul class=\"wp-block-list\"><li><a href=\"https:\/\/danskfagenesdidaktik.dk\/wp-content\/uploads\/2022\/06\/helleOpponentindlaegDaDi14062012.pdf\" target=\"_blank\" rel=\"noreferrer noopener\">Helle Munkholm Davidsen: Kommentar til Johannes Fibigers opl\u00e6g<\/a><\/li><\/ul>\n\n\n\n<p><a href=\"https:\/\/danskfagenesdidaktik.dk\/wp-content\/uploads\/2022\/06\/jensjoergen.pdf\" target=\"_blank\" rel=\"noreferrer noopener\">Jens J\u00f8rgen Hansen: Professionsl\u00e6ring og l\u00e6remidler<\/a><\/p>\n\n\n\n<p><a href=\"https:\/\/danskfagenesdidaktik.dk\/wp-content\/uploads\/2022\/06\/Dadi2012HvaderderbrugforBN.pdf\" target=\"_blank\" rel=\"noreferrer noopener\">Bodil Nielsen: Hvad er der brug for?<\/a><\/p>\n\n\n\n<p>Jesper Thinggard (ingen powerpoint)<\/p>\n\n\n\n<p><a href=\"https:\/\/danskfagenesdidaktik.dk\/wp-content\/uploads\/2022\/06\/Ellen.pdf\" target=\"_blank\" rel=\"noreferrer noopener\">Ellen Krogh: DaDi 2007-2012<\/a><\/p>\n","protected":false},"excerpt":{"rendered":"<p>L\u00e6reruddannelsen og forskningen: Hvilken viden og hvilken forskning anvendes i danskundervisningen p\u00e5 l\u00e6reruddannelserne &#8211; Hvordan og hvorfor? Syddansk Universitet Program Deltagerliste Opl\u00e6g Jesper Bremholm: Dansk i l\u00e6reruddannelsen fra reformen 2007 til i dag Johannes Fibiger: Hvilken viden og forskning anvendes i dansk p\u00e5 l\u00e6reruddannelserne &#8211; Hvordan og hvorfor? Helle Munkholm Davidsen: Kommentar til Johannes Fibigers [&hellip;]<\/p>\n","protected":false},"author":2,"featured_media":587,"parent":0,"menu_order":0,"comment_status":"closed","ping_status":"closed","template":"","meta":{"footnotes":""},"class_list":["post-394","page","type-page","status-publish","has-post-thumbnail","hentry"],"_links":{"self":[{"href":"https:\/\/danskfagenesdidaktik.dk\/index.php?rest_route=\/wp\/v2\/pages\/394","targetHints":{"allow":["GET"]}}],"collection":[{"href":"https:\/\/danskfagenesdidaktik.dk\/index.php?rest_route=\/wp\/v2\/pages"}],"about":[{"href":"https:\/\/danskfagenesdidaktik.dk\/index.php?rest_route=\/wp\/v2\/types\/page"}],"author":[{"embeddable":true,"href":"https:\/\/danskfagenesdidaktik.dk\/index.php?rest_route=\/wp\/v2\/users\/2"}],"replies":[{"embeddable":true,"href":"https:\/\/danskfagenesdidaktik.dk\/index.php?rest_route=%2Fwp%2Fv2%2Fcomments&post=394"}],"version-history":[{"count":2,"href":"https:\/\/danskfagenesdidaktik.dk\/index.php?rest_route=\/wp\/v2\/pages\/394\/revisions"}],"predecessor-version":[{"id":408,"href":"https:\/\/danskfagenesdidaktik.dk\/index.php?rest_route=\/wp\/v2\/pages\/394\/revisions\/408"}],"wp:featuredmedia":[{"embeddable":true,"href":"https:\/\/danskfagenesdidaktik.dk\/index.php?rest_route=\/wp\/v2\/media\/587"}],"wp:attachment":[{"href":"https:\/\/danskfagenesdidaktik.dk\/index.php?rest_route=%2Fwp%2Fv2%2Fmedia&parent=394"}],"curies":[{"name":"wp","href":"https:\/\/api.w.org\/{rel}","templated":true}]}}