{"id":376,"date":"2022-06-16T16:41:45","date_gmt":"2022-06-16T14:41:45","guid":{"rendered":"https:\/\/danskfagenesdidaktik.dk\/?page_id=376"},"modified":"2022-06-16T22:37:41","modified_gmt":"2022-06-16T20:37:41","slug":"17-6-2013-nye-bud-paa-danskfagenes-didaktik","status":"publish","type":"page","link":"https:\/\/danskfagenesdidaktik.dk\/?page_id=376","title":{"rendered":"17\/6-2013: Nye bud p\u00e5 danskfagenes didaktik"},"content":{"rendered":"\n<h2 class=\"wp-block-heading\">Nye bud p\u00e5 danskfagenes didaktik: Pr\u00e6sentation, udl\u00e6gning og diskussion af tre aktuelle b\u00f8ger<\/h2>\n\n\n\n<p><em>DPU, Aarhus Universitet, Campus Emdrup<\/em><\/p>\n\n\n\n<p><a href=\"https:\/\/danskfagenesdidaktik.dk\/wp-content\/uploads\/2022\/06\/DaDiInvitationogProgram2013seminarendeligtprogram.pdf\" target=\"_blank\" rel=\"noreferrer noopener\">Program<\/a><\/p>\n\n\n\n<p><a href=\"https:\/\/danskfagenesdidaktik.dk\/wp-content\/uploads\/2022\/06\/deltagerlisteDaDid.17juni.2.pdf\" target=\"_blank\" rel=\"noreferrer noopener\">Deltagerliste<\/a><\/p>\n\n\n\n<h3 class=\"wp-block-heading\">Opl\u00e6g<\/h3>\n\n\n\n<p><a href=\"https:\/\/danskfagenesdidaktik.dk\/wp-content\/uploads\/2022\/06\/kristine.pdf\" target=\"_blank\" rel=\"noreferrer noopener\">Kristine Kabel: Den nordiske skolen \u2013 fins den?<\/a><\/p>\n\n\n\n<p><a href=\"https:\/\/danskfagenesdidaktik.dk\/wp-content\/uploads\/2022\/06\/jeppe.pdf\" target=\"_blank\" rel=\"noreferrer noopener\">Jeppe Bundsgaard: Nordisk Morsm\u00e5lsdidaktikk- Forskning, felt og fag<\/a><\/p>\n\n\n\n<p><a href=\"https:\/\/danskfagenesdidaktik.dk\/wp-content\/uploads\/2022\/06\/ellen-krogh.pdf\" target=\"_blank\" rel=\"noreferrer noopener\">Ellen Krogh: DaDi 2007-2013<\/a><\/p>\n","protected":false},"excerpt":{"rendered":"<p>Nye bud p\u00e5 danskfagenes didaktik: Pr\u00e6sentation, udl\u00e6gning og diskussion af tre aktuelle b\u00f8ger DPU, Aarhus Universitet, Campus Emdrup Program Deltagerliste Opl\u00e6g Kristine Kabel: Den nordiske skolen \u2013 fins den? Jeppe Bundsgaard: Nordisk Morsm\u00e5lsdidaktikk- Forskning, felt og fag Ellen Krogh: DaDi 2007-2013<\/p>\n","protected":false},"author":2,"featured_media":587,"parent":0,"menu_order":0,"comment_status":"closed","ping_status":"closed","template":"","meta":{"footnotes":""},"class_list":["post-376","page","type-page","status-publish","has-post-thumbnail","hentry"],"_links":{"self":[{"href":"https:\/\/danskfagenesdidaktik.dk\/index.php?rest_route=\/wp\/v2\/pages\/376","targetHints":{"allow":["GET"]}}],"collection":[{"href":"https:\/\/danskfagenesdidaktik.dk\/index.php?rest_route=\/wp\/v2\/pages"}],"about":[{"href":"https:\/\/danskfagenesdidaktik.dk\/index.php?rest_route=\/wp\/v2\/types\/page"}],"author":[{"embeddable":true,"href":"https:\/\/danskfagenesdidaktik.dk\/index.php?rest_route=\/wp\/v2\/users\/2"}],"replies":[{"embeddable":true,"href":"https:\/\/danskfagenesdidaktik.dk\/index.php?rest_route=%2Fwp%2Fv2%2Fcomments&post=376"}],"version-history":[{"count":2,"href":"https:\/\/danskfagenesdidaktik.dk\/index.php?rest_route=\/wp\/v2\/pages\/376\/revisions"}],"predecessor-version":[{"id":386,"href":"https:\/\/danskfagenesdidaktik.dk\/index.php?rest_route=\/wp\/v2\/pages\/376\/revisions\/386"}],"wp:featuredmedia":[{"embeddable":true,"href":"https:\/\/danskfagenesdidaktik.dk\/index.php?rest_route=\/wp\/v2\/media\/587"}],"wp:attachment":[{"href":"https:\/\/danskfagenesdidaktik.dk\/index.php?rest_route=%2Fwp%2Fv2%2Fmedia&parent=376"}],"curies":[{"name":"wp","href":"https:\/\/api.w.org\/{rel}","templated":true}]}}