{"id":366,"date":"2022-06-16T16:32:55","date_gmt":"2022-06-16T14:32:55","guid":{"rendered":"https:\/\/danskfagenesdidaktik.dk\/?page_id=366"},"modified":"2022-06-16T22:37:03","modified_gmt":"2022-06-16T20:37:03","slug":"2-6-2014-danskfaget-i-et-diversitetsperspektiv","status":"publish","type":"page","link":"https:\/\/danskfagenesdidaktik.dk\/?page_id=366","title":{"rendered":"2\/6-2014: Danskfaget i et diversitetsperspektiv"},"content":{"rendered":"\n<h2 class=\"wp-block-heading\">Danskfaget i et sprogligt og kulturelt diversitetsperspektiv<\/h2>\n\n\n\n<p><em>Aalborg Universitet, Sydhavnen<\/em><\/p>\n\n\n\n<p><a rel=\"noreferrer noopener\" href=\"https:\/\/danskfagenesdidaktik.dk\/wp-content\/uploads\/2022\/06\/Program-1.pdf\" target=\"_blank\">Program<\/a><\/p>\n\n\n\n<p><a href=\"https:\/\/danskfagenesdidaktik.dk\/wp-content\/uploads\/2022\/06\/foto.jpeg\" target=\"_blank\" rel=\"noreferrer noopener\">Billede af deltagere<\/a><\/p>\n\n\n\n<h3 class=\"wp-block-heading\">Opl\u00e6g<\/h3>\n\n\n\n<p><a href=\"https:\/\/danskfagenesdidaktik.dk\/wp-content\/uploads\/2022\/06\/RoerbechDanskfagetietsprogligtogkultureltdiversitetsperspektiv.pdf\" target=\"_blank\" rel=\"noreferrer noopener\">Helle R\u00f8rbech: Danskfaget i et sprogligt og kulturelt diversitetsperspektiv<\/a><\/p>\n\n\n\n<ul class=\"wp-block-list\"><li><a rel=\"noreferrer noopener\" href=\"https:\/\/danskfagenesdidaktik.dk\/wp-content\/uploads\/2022\/06\/DaDiresponstilHelleRoerbech_PeterHellerLutzen.pdf\" target=\"_blank\">Peter Heller L\u00fctzen: Replik til Helle R\u00f8rbech<\/a><\/li><\/ul>\n\n\n\n<p>Helle Pia Laursen (ingen powerpoint)<\/p>\n\n\n\n<ul class=\"wp-block-list\"><li><a rel=\"noreferrer noopener\" href=\"https:\/\/danskfagenesdidaktik.dk\/wp-content\/uploads\/2022\/06\/ElfResponstilLaursen.pdf\" target=\"_blank\">Nikolaj Frydensbjerg Elf: Respons til Helle Pia Laursens opl\u00e6g<\/a><\/li><\/ul>\n\n\n\n<p class=\"has-black-color has-white-background-color has-text-color has-background\"><\/p>\n","protected":false},"excerpt":{"rendered":"<p>Danskfaget i et sprogligt og kulturelt diversitetsperspektiv Aalborg Universitet, Sydhavnen Program Billede af deltagere Opl\u00e6g Helle R\u00f8rbech: Danskfaget i et sprogligt og kulturelt diversitetsperspektiv Peter Heller L\u00fctzen: Replik til Helle R\u00f8rbech Helle Pia Laursen (ingen powerpoint) Nikolaj Frydensbjerg Elf: Respons til Helle Pia Laursens opl\u00e6g<\/p>\n","protected":false},"author":2,"featured_media":587,"parent":0,"menu_order":0,"comment_status":"closed","ping_status":"closed","template":"","meta":{"footnotes":""},"class_list":["post-366","page","type-page","status-publish","has-post-thumbnail","hentry"],"_links":{"self":[{"href":"https:\/\/danskfagenesdidaktik.dk\/index.php?rest_route=\/wp\/v2\/pages\/366","targetHints":{"allow":["GET"]}}],"collection":[{"href":"https:\/\/danskfagenesdidaktik.dk\/index.php?rest_route=\/wp\/v2\/pages"}],"about":[{"href":"https:\/\/danskfagenesdidaktik.dk\/index.php?rest_route=\/wp\/v2\/types\/page"}],"author":[{"embeddable":true,"href":"https:\/\/danskfagenesdidaktik.dk\/index.php?rest_route=\/wp\/v2\/users\/2"}],"replies":[{"embeddable":true,"href":"https:\/\/danskfagenesdidaktik.dk\/index.php?rest_route=%2Fwp%2Fv2%2Fcomments&post=366"}],"version-history":[{"count":4,"href":"https:\/\/danskfagenesdidaktik.dk\/index.php?rest_route=\/wp\/v2\/pages\/366\/revisions"}],"predecessor-version":[{"id":393,"href":"https:\/\/danskfagenesdidaktik.dk\/index.php?rest_route=\/wp\/v2\/pages\/366\/revisions\/393"}],"wp:featuredmedia":[{"embeddable":true,"href":"https:\/\/danskfagenesdidaktik.dk\/index.php?rest_route=\/wp\/v2\/media\/587"}],"wp:attachment":[{"href":"https:\/\/danskfagenesdidaktik.dk\/index.php?rest_route=%2Fwp%2Fv2%2Fmedia&parent=366"}],"curies":[{"name":"wp","href":"https:\/\/api.w.org\/{rel}","templated":true}]}}