{"id":355,"date":"2022-06-16T16:20:08","date_gmt":"2022-06-16T14:20:08","guid":{"rendered":"https:\/\/danskfagenesdidaktik.dk\/?page_id=355"},"modified":"2022-06-16T22:36:42","modified_gmt":"2022-06-16T20:36:42","slug":"18-6-2015-fiktionsundervisning","status":"publish","type":"page","link":"https:\/\/danskfagenesdidaktik.dk\/?page_id=355","title":{"rendered":"18\/6-2015: Fiktionsundervisning"},"content":{"rendered":"\n<h2 class=\"wp-block-heading\">Postioneringer, motivation og muligheder i fiktionsundervisningen<\/h2>\n\n\n\n<p><em>IUP, Aarhus Universitet, Campus Emdrup<\/em><\/p>\n\n\n\n<p><a href=\"https:\/\/danskfagenesdidaktik.dk\/wp-content\/uploads\/2022\/06\/Program.pdf\" target=\"_blank\" rel=\"noreferrer noopener\">Program<\/a><\/p>\n\n\n\n<p><a href=\"https:\/\/danskfagenesdidaktik.dk\/wp-content\/uploads\/2022\/06\/Deltagerliste.pdf\" target=\"_blank\" rel=\"noreferrer noopener\">Deltagerliste<\/a><\/p>\n\n\n\n<h3 class=\"wp-block-heading\">Opl\u00e6g<\/h3>\n\n\n\n<p><a href=\"https:\/\/danskfagenesdidaktik.dk\/wp-content\/uploads\/2022\/06\/BremholmOplaeg_DADI18_6_15_OpsamlingpaaIAIMTE2105.pdf\" target=\"_blank\" rel=\"noreferrer noopener\">Jesper Bremholm: IAIMTE 2015: M\u00f8nstre og perspektiver i den internationale forskning sammenholdt med dansk-didaktisk forskning \u2026 med s\u00e6rligt fokus p\u00e5 literacy<\/a><\/p>\n\n\n\n<p><a href=\"https:\/\/danskfagenesdidaktik.dk\/wp-content\/uploads\/2022\/06\/ThomasIllumHansenomIAIMTE2015.pdf\" target=\"_blank\" rel=\"noreferrer noopener\">Thomas Illum Hansen: IAIMTE 2015 &#8211; M\u00f8nstre og perspektiver i den internationale forskning sammenholdt med danskdidaktisk forskning<\/a><\/p>\n\n\n\n<p><a href=\"https:\/\/danskfagenesdidaktik.dk\/wp-content\/uploads\/2022\/06\/EllenomDaDi.pdf\" target=\"_blank\" rel=\"noreferrer noopener\">Ellen Krogh: DaDi 2007-2015<\/a><\/p>\n","protected":false},"excerpt":{"rendered":"<p>Postioneringer, motivation og muligheder i fiktionsundervisningen IUP, Aarhus Universitet, Campus Emdrup Program Deltagerliste Opl\u00e6g Jesper Bremholm: IAIMTE 2015: M\u00f8nstre og perspektiver i den internationale forskning sammenholdt med dansk-didaktisk forskning \u2026 med s\u00e6rligt fokus p\u00e5 literacy Thomas Illum Hansen: IAIMTE 2015 &#8211; M\u00f8nstre og perspektiver i den internationale forskning sammenholdt med danskdidaktisk forskning Ellen Krogh: DaDi [&hellip;]<\/p>\n","protected":false},"author":2,"featured_media":587,"parent":0,"menu_order":0,"comment_status":"closed","ping_status":"closed","template":"","meta":{"footnotes":""},"class_list":["post-355","page","type-page","status-publish","has-post-thumbnail","hentry"],"_links":{"self":[{"href":"https:\/\/danskfagenesdidaktik.dk\/index.php?rest_route=\/wp\/v2\/pages\/355","targetHints":{"allow":["GET"]}}],"collection":[{"href":"https:\/\/danskfagenesdidaktik.dk\/index.php?rest_route=\/wp\/v2\/pages"}],"about":[{"href":"https:\/\/danskfagenesdidaktik.dk\/index.php?rest_route=\/wp\/v2\/types\/page"}],"author":[{"embeddable":true,"href":"https:\/\/danskfagenesdidaktik.dk\/index.php?rest_route=\/wp\/v2\/users\/2"}],"replies":[{"embeddable":true,"href":"https:\/\/danskfagenesdidaktik.dk\/index.php?rest_route=%2Fwp%2Fv2%2Fcomments&post=355"}],"version-history":[{"count":2,"href":"https:\/\/danskfagenesdidaktik.dk\/index.php?rest_route=\/wp\/v2\/pages\/355\/revisions"}],"predecessor-version":[{"id":365,"href":"https:\/\/danskfagenesdidaktik.dk\/index.php?rest_route=\/wp\/v2\/pages\/355\/revisions\/365"}],"wp:featuredmedia":[{"embeddable":true,"href":"https:\/\/danskfagenesdidaktik.dk\/index.php?rest_route=\/wp\/v2\/media\/587"}],"wp:attachment":[{"href":"https:\/\/danskfagenesdidaktik.dk\/index.php?rest_route=%2Fwp%2Fv2%2Fmedia&parent=355"}],"curies":[{"name":"wp","href":"https:\/\/api.w.org\/{rel}","templated":true}]}}