{"id":333,"date":"2022-06-16T15:52:59","date_gmt":"2022-06-16T13:52:59","guid":{"rendered":"https:\/\/danskfagenesdidaktik.dk\/?page_id=333"},"modified":"2022-06-16T22:35:53","modified_gmt":"2022-06-16T20:35:53","slug":"11-6-2018-metoder-og-metodologi","status":"publish","type":"page","link":"https:\/\/danskfagenesdidaktik.dk\/?page_id=333","title":{"rendered":"11\/6-2018: Metoder og metodologi"},"content":{"rendered":"\n<h2 class=\"wp-block-heading\">Metoder og metodologi i danskdidaktisk forskning<\/h2>\n\n\n\n<p><em>DPU, Aarhus Universitet, Campus Emdrup, Tuborgvej 174, 2400 K\u00f8benhavn N<\/em><\/p>\n\n\n\n<p><a href=\"https:\/\/danskfagenesdidaktik.dk\/wp-content\/uploads\/2022\/06\/programfinal.pdf\" target=\"_blank\" rel=\"noreferrer noopener\">Program<\/a><\/p>\n\n\n\n<p><a href=\"https:\/\/danskfagenesdidaktik.dk\/wp-content\/uploads\/2022\/06\/deltagerliste.pdf\" target=\"_blank\" rel=\"noreferrer noopener\">Deltagerliste<\/a><\/p>\n\n\n\n<h3 class=\"wp-block-heading\">Opl\u00e6g<\/h3>\n\n\n\n<p><a href=\"https:\/\/danskfagenesdidaktik.dk\/wp-content\/uploads\/2022\/06\/NinaOplaegDaDi_11.6.2018_.pdf\" target=\"_blank\" rel=\"noreferrer noopener\">Nina Berg G\u00f8ttsche:  Elevers sv\u00e6re m\u00f8de med litter\u00e6re tekster i skolen<\/a><\/p>\n\n\n\n<p><a href=\"https:\/\/danskfagenesdidaktik.dk\/wp-content\/uploads\/2022\/06\/IllumoplaegMixedMethodssomgyldenstandard.pdf\" target=\"_blank\" rel=\"noreferrer noopener\">Thomas Illum Hansen: Mixed Methods som gylden standard<\/a><\/p>\n\n\n\n<p><a href=\"https:\/\/danskfagenesdidaktik.dk\/wp-content\/uploads\/2022\/06\/DADI_HelleLaursen_slides.pptx.pdf\" target=\"_blank\" rel=\"noreferrer noopener\">Helle Pia Laursen: En paraplybetegnelse ville kunne v\u00e6re socialsemiotisk etnografi<\/a><\/p>\n\n\n\n<h4 class=\"wp-block-heading\">Ph.d.-pr\u00e6sentationer<\/h4>\n\n\n\n<p>Dorthe Carlsen (ingen powerpoint) <\/p>\n","protected":false},"excerpt":{"rendered":"<p>Metoder og metodologi i danskdidaktisk forskning DPU, Aarhus Universitet, Campus Emdrup, Tuborgvej 174, 2400 K\u00f8benhavn N Program Deltagerliste Opl\u00e6g Nina Berg G\u00f8ttsche: Elevers sv\u00e6re m\u00f8de med litter\u00e6re tekster i skolen Thomas Illum Hansen: Mixed Methods som gylden standard Helle Pia Laursen: En paraplybetegnelse ville kunne v\u00e6re socialsemiotisk etnografi Ph.d.-pr\u00e6sentationer Dorthe Carlsen (ingen powerpoint)<\/p>\n","protected":false},"author":2,"featured_media":587,"parent":0,"menu_order":0,"comment_status":"closed","ping_status":"closed","template":"","meta":{"footnotes":""},"class_list":["post-333","page","type-page","status-publish","has-post-thumbnail","hentry"],"_links":{"self":[{"href":"https:\/\/danskfagenesdidaktik.dk\/index.php?rest_route=\/wp\/v2\/pages\/333","targetHints":{"allow":["GET"]}}],"collection":[{"href":"https:\/\/danskfagenesdidaktik.dk\/index.php?rest_route=\/wp\/v2\/pages"}],"about":[{"href":"https:\/\/danskfagenesdidaktik.dk\/index.php?rest_route=\/wp\/v2\/types\/page"}],"author":[{"embeddable":true,"href":"https:\/\/danskfagenesdidaktik.dk\/index.php?rest_route=\/wp\/v2\/users\/2"}],"replies":[{"embeddable":true,"href":"https:\/\/danskfagenesdidaktik.dk\/index.php?rest_route=%2Fwp%2Fv2%2Fcomments&post=333"}],"version-history":[{"count":3,"href":"https:\/\/danskfagenesdidaktik.dk\/index.php?rest_route=\/wp\/v2\/pages\/333\/revisions"}],"predecessor-version":[{"id":344,"href":"https:\/\/danskfagenesdidaktik.dk\/index.php?rest_route=\/wp\/v2\/pages\/333\/revisions\/344"}],"wp:featuredmedia":[{"embeddable":true,"href":"https:\/\/danskfagenesdidaktik.dk\/index.php?rest_route=\/wp\/v2\/media\/587"}],"wp:attachment":[{"href":"https:\/\/danskfagenesdidaktik.dk\/index.php?rest_route=%2Fwp%2Fv2%2Fmedia&parent=333"}],"curies":[{"name":"wp","href":"https:\/\/api.w.org\/{rel}","templated":true}]}}