{"id":268,"date":"2022-06-15T15:31:09","date_gmt":"2022-06-15T13:31:09","guid":{"rendered":"https:\/\/danskfagenesdidaktik.dk\/?page_id=268"},"modified":"2022-06-16T22:34:37","modified_gmt":"2022-06-16T20:34:37","slug":"28-4-2022","status":"publish","type":"page","link":"https:\/\/danskfagenesdidaktik.dk\/?page_id=268","title":{"rendered":"28\/4-2022: Status p\u00e5 forskningsfeltet"},"content":{"rendered":"\n<h2 class=\"wp-block-heading\">Efter to \u00e5rtier: Hvad er status p\u00e5 dansk\/L1 som forskningsfelt?<\/h2>\n\n\n\n<p><em>SDU, Institut for Kulturvidenskaber, Campusvej 55, 5230 Odense M.<\/em><\/p>\n\n\n\n<p><a rel=\"noreferrer noopener\" href=\"https:\/\/danskfagenesdidaktik.dk\/wp-content\/uploads\/2022\/06\/ProgramforDaDi_seminar2021...april2022_002_.pdf\" target=\"_blank\">Program<\/a><\/p>\n\n\n\n<p><\/p>\n\n\n\n<h3 class=\"wp-block-heading\">Opl\u00e6g<\/h3>\n\n\n\n<p><a href=\"https:\/\/danskfagenesdidaktik.dk\/wp-content\/uploads\/2022\/06\/SolveigProjektpraesDaDi2022.pdf\">Solveig Troelsen: Forkastet eller anerkendt<\/a><\/p>\n\n\n\n<p><a href=\"https:\/\/danskfagenesdidaktik.dk\/wp-content\/uploads\/2022\/06\/RaffaelleOplaegDADI_seminarapril2022_LU40_28477_RABO.pdf\">Raffaele Brahe-Orlandi: Entrepren\u00f8rskabsundervisning i dansk<\/a><\/p>\n\n\n\n<p><a href=\"https:\/\/danskfagenesdidaktik.dk\/wp-content\/uploads\/2022\/06\/SkyggebjergBevaegelseriL1_fagetinorden.pdf\" target=\"_blank\" rel=\"noreferrer noopener\">Anna Karlskov Skyggebjerg: Bev\u00e6gelser i L1-faget i Norden<\/a><\/p>\n\n\n\n<p><a href=\"https:\/\/danskfagenesdidaktik.dk\/wp-content\/uploads\/2022\/06\/MarieOplaegomph.d._DaDi_april22.pdf\" target=\"_blank\" rel=\"noreferrer noopener\">Marie Dahl Rasmussen: At se med andres \u00f8jne<\/a><\/p>\n\n\n\n<p><a href=\"https:\/\/danskfagenesdidaktik.dk\/wp-content\/uploads\/2022\/06\/DortheCarlsenDaDi28.4.22.pdf\" target=\"_blank\" rel=\"noreferrer noopener\">Dorthe Carlsen: Positioner, paradigmer og danskdidaktiske forst\u00e5elsesm\u00e5der<\/a><\/p>\n\n\n\n<p><a href=\"https:\/\/danskfagenesdidaktik.dk\/wp-content\/uploads\/2022\/06\/KroghoplaegDaDi.pdf\" target=\"_blank\" rel=\"noreferrer noopener\">Ellen Krogh: Status p\u00e5 dansk\/L1 som forskningsfelt<\/a><\/p>\n","protected":false},"excerpt":{"rendered":"<p>Efter to \u00e5rtier: Hvad er status p\u00e5 dansk\/L1 som forskningsfelt? SDU, Institut for Kulturvidenskaber, Campusvej 55, 5230 Odense M. Program Opl\u00e6g Solveig Troelsen: Forkastet eller anerkendt Raffaele Brahe-Orlandi: Entrepren\u00f8rskabsundervisning i dansk Anna Karlskov Skyggebjerg: Bev\u00e6gelser i L1-faget i Norden Marie Dahl Rasmussen: At se med andres \u00f8jne Dorthe Carlsen: Positioner, paradigmer og danskdidaktiske forst\u00e5elsesm\u00e5der Ellen [&hellip;]<\/p>\n","protected":false},"author":2,"featured_media":587,"parent":0,"menu_order":0,"comment_status":"closed","ping_status":"closed","template":"","meta":{"footnotes":""},"class_list":["post-268","page","type-page","status-publish","has-post-thumbnail","hentry"],"_links":{"self":[{"href":"https:\/\/danskfagenesdidaktik.dk\/index.php?rest_route=\/wp\/v2\/pages\/268","targetHints":{"allow":["GET"]}}],"collection":[{"href":"https:\/\/danskfagenesdidaktik.dk\/index.php?rest_route=\/wp\/v2\/pages"}],"about":[{"href":"https:\/\/danskfagenesdidaktik.dk\/index.php?rest_route=\/wp\/v2\/types\/page"}],"author":[{"embeddable":true,"href":"https:\/\/danskfagenesdidaktik.dk\/index.php?rest_route=\/wp\/v2\/users\/2"}],"replies":[{"embeddable":true,"href":"https:\/\/danskfagenesdidaktik.dk\/index.php?rest_route=%2Fwp%2Fv2%2Fcomments&post=268"}],"version-history":[{"count":13,"href":"https:\/\/danskfagenesdidaktik.dk\/index.php?rest_route=\/wp\/v2\/pages\/268\/revisions"}],"predecessor-version":[{"id":318,"href":"https:\/\/danskfagenesdidaktik.dk\/index.php?rest_route=\/wp\/v2\/pages\/268\/revisions\/318"}],"wp:featuredmedia":[{"embeddable":true,"href":"https:\/\/danskfagenesdidaktik.dk\/index.php?rest_route=\/wp\/v2\/media\/587"}],"wp:attachment":[{"href":"https:\/\/danskfagenesdidaktik.dk\/index.php?rest_route=%2Fwp%2Fv2%2Fmedia&parent=268"}],"curies":[{"name":"wp","href":"https:\/\/api.w.org\/{rel}","templated":true}]}}