{"id":232,"date":"2022-06-15T14:22:48","date_gmt":"2022-06-15T12:22:48","guid":{"rendered":"https:\/\/danskfagenesdidaktik.dk\/?page_id=232"},"modified":"2023-08-22T13:35:16","modified_gmt":"2023-08-22T11:35:16","slug":"aktuelle-begivenheder-2","status":"publish","type":"page","link":"https:\/\/danskfagenesdidaktik.dk\/?page_id=232","title":{"rendered":"Aktuelle begivenheder"},"content":{"rendered":"\n<h1 class=\"wp-block-heading\">N\u00e6ste Dadi-seminar afholdes 13. december 2023 p\u00e5 VIA i Aarhus. <\/h1>\n\n\n\n<p>Program udsendes tidligt efter\u00e5r.<\/p>\n","protected":false},"excerpt":{"rendered":"<p>N\u00e6ste Dadi-seminar afholdes 13. december 2023 p\u00e5 VIA i Aarhus. Program udsendes tidligt efter\u00e5r.<\/p>\n","protected":false},"author":2,"featured_media":587,"parent":0,"menu_order":0,"comment_status":"closed","ping_status":"closed","template":"","meta":{"footnotes":""},"class_list":["post-232","page","type-page","status-publish","has-post-thumbnail","hentry"],"_links":{"self":[{"href":"https:\/\/danskfagenesdidaktik.dk\/index.php?rest_route=\/wp\/v2\/pages\/232","targetHints":{"allow":["GET"]}}],"collection":[{"href":"https:\/\/danskfagenesdidaktik.dk\/index.php?rest_route=\/wp\/v2\/pages"}],"about":[{"href":"https:\/\/danskfagenesdidaktik.dk\/index.php?rest_route=\/wp\/v2\/types\/page"}],"author":[{"embeddable":true,"href":"https:\/\/danskfagenesdidaktik.dk\/index.php?rest_route=\/wp\/v2\/users\/2"}],"replies":[{"embeddable":true,"href":"https:\/\/danskfagenesdidaktik.dk\/index.php?rest_route=%2Fwp%2Fv2%2Fcomments&post=232"}],"version-history":[{"count":9,"href":"https:\/\/danskfagenesdidaktik.dk\/index.php?rest_route=\/wp\/v2\/pages\/232\/revisions"}],"predecessor-version":[{"id":716,"href":"https:\/\/danskfagenesdidaktik.dk\/index.php?rest_route=\/wp\/v2\/pages\/232\/revisions\/716"}],"wp:featuredmedia":[{"embeddable":true,"href":"https:\/\/danskfagenesdidaktik.dk\/index.php?rest_route=\/wp\/v2\/media\/587"}],"wp:attachment":[{"href":"https:\/\/danskfagenesdidaktik.dk\/index.php?rest_route=%2Fwp%2Fv2%2Fmedia&parent=232"}],"curies":[{"name":"wp","href":"https:\/\/api.w.org\/{rel}","templated":true}]}}